{"id":20519,"date":"2025-07-07T10:56:42","date_gmt":"2025-07-07T08:56:42","guid":{"rendered":"https:\/\/lati.com\/privacy-policy-2\/"},"modified":"2026-01-19T14:08:45","modified_gmt":"2026-01-19T13:08:45","slug":"datenschutzbestimmungen","status":"publish","type":"page","link":"https:\/\/lati.com\/de\/datenschutzbestimmungen\/","title":{"rendered":"Datenschutzbestimmungen"},"content":{"rendered":"\t\t<div data-elementor-type=\"wp-page\" data-elementor-id=\"20519\" class=\"elementor elementor-20519 elementor-10449\" wpc-filter-elementor-widget=\"1\">\n\t\t\t\t\t\t<div class=\"elementor-section elementor-top-section elementor-element elementor-element-8fc0cc8 pbmit-col-stretched-none pbmit-bg-color-over-image elementor-section-boxed elementor-section-height-default elementor-section-height-default\" data-id=\"8fc0cc8\" data-element_type=\"section\" data-e-type=\"section\">\n\t\t\t\t\t\t<div class=\"elementor-container elementor-column-gap-default\">\n\t\t\t\t\t<div class=\"elementor-column elementor-col-100 elementor-top-column elementor-element elementor-element-2604e8c pbmit-bg-color-over-image\" data-id=\"2604e8c\" data-element_type=\"column\" data-e-type=\"column\">\n\t\t\t<div class=\"elementor-widget-wrap elementor-element-populated\">\n\t\t\t\t\t\t<div class=\"elementor-element elementor-element-c30f607 elementor-widget elementor-widget-pbmit_heading\" data-id=\"c30f607\" data-element_type=\"widget\" data-e-type=\"widget\" data-widget_type=\"pbmit_heading.default\">\n\t\t\t\t<div class=\"elementor-widget-container\">\n\t\t\t\t\t <div class=\"pbmit-heading-subheading pbmit-reverse-heading-yes animation-style5\"><h1 class=\"pbmit-element-title\">\r\n\t\t\t\t\r\n\t\t\t\t\tDatenschutzbestimmungen\r\n\t\t\t\t\r\n\t\t\t\t<\/h1>\r\n\t\t\t<div class=\"pbmit-heading-desc\">Diese Seite enth\u00e4lt Dokumente, die sich auf die Datenschutzbestimmungen dieser Website beziehen, sowie Informationen \u00fcber die Datenverarbeitung, die von LATI Industria Termoplastici S.p.A. im Rahmen ihrer T\u00e4tigkeit durchgef\u00fchrt wird. Die Dokumente k\u00f6nnen durch Anklicken des jeweiligen Links heruntergeladen werden.  <\/div><\/div>\t\t\t\t<\/div>\n\t\t\t\t<\/div>\n\t\t\t\t<div class=\"elementor-element elementor-element-28a845f privacydownloads elementor-widget elementor-widget-shortcode\" data-id=\"28a845f\" data-element_type=\"widget\" data-e-type=\"widget\" data-widget_type=\"shortcode.default\">\n\t\t\t\t<div class=\"elementor-widget-container\">\n\t\t\t\t\t\t\t<div class=\"elementor-shortcode\"><div id=\"wpdmap-compact-69f3769cf3f2e\" class=\"w3eden light-mode\">\n\n    <div class=\"card wpdmap-header-card\">\n        <div class=\"card-body\">\n            <form id=\"srcp\" style=\"margin-bottom: 10px\">\n    <div class=\"row\">\n        <input type=\"hidden\" name=\"category\" id=\"initc\" value=\"510\" \/>\n        <div class=\"col-md-3\">\n            <label for=\"src\">Suchen:<\/label>\n            <div class=\"input-group input-src\">\n                <input type=\"text\" class=\"form-control\" name=\"src\" placeholder=\"Suchen\" id=\"src\">\n                <div class=\"input-group-append input-group-btn\">\n                    <button class=\"btn\" type=\"submit\"><i class=\"fas fa-search\"><\/i><\/button>\n                <\/div>\n            <\/div>\n        <\/div>\n\n        <div class='col-md-3'>\n            <label for=\"wpdm-cats-compact\">Kategorie:<\/label>\n            <select  name='wpdm-cats-compact' id='wpdm-cats-compact' class='form-control wpdm-custom-select'>\n\t<option value='510' selected='selected'>Datenschutz<\/option>\n<\/select>\n        <\/div>\n\n        <div class=\"col-md-3\">\n            <label for=\"orderby\">Sortieren nach:<\/label>\n                <select name=\"orderby\" id=\"orderby\" class=\"form-control wpdm-custom-select\">\n                    <option value=\"date\" >Ver\u00f6ffentlichungsdatum<\/option>\n                    <option value=\"title\" >Titel<\/option>\n                    <option value=\"modified\" >Zuletzt aktualisiert<\/option>\n                    <option value=\"view_count\" >Anzahl der Ansichten<\/option>\n                    <option value=\"download_count\" >Anzahl der Downloads<\/option>\n                    <option value=\"package_size_b\" >Paketgr\u00f6\u00dfe<\/option>\n            <\/select>\n            <\/div>\n        <div class=\"col-md-3\">\n            <label for=\"order\">Bestellung:<\/label>\n            <select name=\"order\" id=\"order\" class=\"form-control wpdm-custom-select\">\n                <option value=\"DESC\">Absteigende Reihenfolge<\/option>\n                <option value=\"ASC\" >Aufsteigende Reihenfolge<\/option>\n            <\/select>\n        <\/div>\n\n    <\/div>\n<\/form>\n        <\/div>\n        <div class=\"card-footer\">\n            <div class=\"row\">\n    <div class=\"col-md-12\">\n        <div class=\"breadcrumbx\">\n            <span><a href=\"#\" id=\"wpdm-archive-page-home\">Home<\/a><span class=\"bcsep\"><\/span><\/span>\n            <span id=\"inp\">Alle Downloads<\/span>\n        <\/div>\n    <\/div>\n<\/div>        <\/div>\n    <\/div>\n\n\n    <div class='wpdm-downloads' id='wpdm-downloads'>\n\n    <div class=\"card\">\n        <div class=\"card-body text-center p-5\">\n            W\u00e4hlen Sie eine Kategorie oder suchen Sie        <\/div>\n    <\/div>\n\n<\/div>\n\n<\/div>\n<script>\n    var wpdmap_params = 'OQJW6Ajj4V9Av2K0XtMqFRrAuZZw9a9TptwZKL7c6Y5kXmcvKTdnMN0OzGAVIpA1dxjdBYgy5ZJ7IX_rAWlINO8RCoJRERM9hFjD1PDp3fthC21OZQFSrjLn16codKX3Vt5aEuVhAj2EAYp26RRmADXKyD7v2mp4sUQpWOY1KkZw4X9bAPwlwkUe__MHQ_C6fO35-PfriRJb3__iJziohmsRypP1y65OUOVLUf7lvRVU';\n    (function($){\n        var $container = $('#wpdmap-compact-69f3769cf3f2e');\n        function syncDarkMode() {\n            var isDark = $('body').hasClass('dark-mode') ||\n                         $('html').hasClass('dark-mode') ||\n                         $('body').hasClass('dark') ||\n                         $('html').attr('data-theme') === 'dark' ||\n                         $('body').attr('data-theme') === 'dark';\n            if (isDark && !$container.hasClass('light-mode')) {\n                $container.addClass('dark-mode');\n            } else if (!isDark && !$container.hasClass('dark-mode')) {\n                $container.removeClass('dark-mode');\n            }\n        }\n        syncDarkMode();\n        var observer = new MutationObserver(syncDarkMode);\n        observer.observe(document.body, { attributes: true, attributeFilter: ['class'] });\n    })(jQuery);\n<\/script>\n<\/div>\n\t\t\t\t\t\t<\/div>\n\t\t\t\t<\/div>\n\t\t\t\t\t<\/div>\n\t\t<\/div>\n\t\t\t\t\t<\/div>\n\t\t<\/div>\n\t\t\t\t<\/div>\n\t\t","protected":false},"excerpt":{"rendered":"<p>Datenschutzbestimmungen Diese Seite enth\u00e4lt Dokumente, die sich auf die Datenschutzbestimmungen dieser Website beziehen, sowie Informationen \u00fcber die Datenverarbeitung, die von LATI Industria Termoplastici S.p.A. im Rahmen ihrer T\u00e4tigkeit durchgef\u00fchrt wird. Die Dokumente k\u00f6nnen durch Anklicken des jeweiligen Links heruntergeladen werden.<\/p>\n","protected":false},"author":1,"featured_media":0,"parent":0,"menu_order":6,"comment_status":"closed","ping_status":"closed","template":"","meta":{"_acf_changed":false,"inline_featured_image":false,"footnotes":""},"class_list":["post-20519","page","type-page","status-publish","hentry"],"acf":[],"yoast_head":"<!-- This site is optimized with the Yoast SEO plugin v27.2 - https:\/\/yoast.com\/product\/yoast-seo-wordpress\/ -->\n<title>Datenschutzbestimmungen - LATI<\/title>\n<meta name=\"description\" content=\"Lesen Sie unsere Datenschutzbestimmungen: Entdecken Sie, wie wir Ihre pers\u00f6nlichen Daten in \u00dcbereinstimmung mit der EU-Verordnung 2016\/679 (DSGVO) und der geltenden Gesetzgebung sch\u00fctzen.\" \/>\n<meta name=\"robots\" content=\"index, follow, max-snippet:-1, max-image-preview:large, max-video-preview:-1\" \/>\n<link rel=\"canonical\" href=\"https:\/\/lati.com\/de\/datenschutzbestimmungen\/\" \/>\n<meta property=\"og:locale\" content=\"de_DE\" \/>\n<meta property=\"og:type\" content=\"article\" \/>\n<meta property=\"og:title\" content=\"Datenschutzbestimmungen - LATI\" \/>\n<meta property=\"og:description\" content=\"Lesen Sie unsere Datenschutzbestimmungen: Entdecken Sie, wie wir Ihre pers\u00f6nlichen Daten in \u00dcbereinstimmung mit der EU-Verordnung 2016\/679 (DSGVO) und der geltenden Gesetzgebung sch\u00fctzen.\" \/>\n<meta property=\"og:url\" content=\"https:\/\/lati.com\/de\/datenschutzbestimmungen\/\" \/>\n<meta property=\"og:site_name\" content=\"LATI\" \/>\n<meta property=\"article:modified_time\" content=\"2026-01-19T13:08:45+00:00\" \/>\n<meta name=\"twitter:card\" content=\"summary_large_image\" \/>\n<script type=\"application\/ld+json\" class=\"yoast-schema-graph\">{\"@context\":\"https:\/\/schema.org\",\"@graph\":[{\"@type\":\"WebPage\",\"@id\":\"https:\/\/lati.com\/de\/datenschutzbestimmungen\/\",\"url\":\"https:\/\/lati.com\/de\/datenschutzbestimmungen\/\",\"name\":\"Datenschutzbestimmungen - LATI\",\"isPartOf\":{\"@id\":\"https:\/\/lati.com\/de\/#website\"},\"datePublished\":\"2025-07-07T08:56:42+00:00\",\"dateModified\":\"2026-01-19T13:08:45+00:00\",\"description\":\"Lesen Sie unsere Datenschutzbestimmungen: Entdecken Sie, wie wir Ihre pers\u00f6nlichen Daten in \u00dcbereinstimmung mit der EU-Verordnung 2016\/679 (DSGVO) und der geltenden Gesetzgebung sch\u00fctzen.\",\"breadcrumb\":{\"@id\":\"https:\/\/lati.com\/de\/datenschutzbestimmungen\/#breadcrumb\"},\"inLanguage\":\"de\",\"potentialAction\":[{\"@type\":\"ReadAction\",\"target\":[\"https:\/\/lati.com\/de\/datenschutzbestimmungen\/\"]}]},{\"@type\":\"BreadcrumbList\",\"@id\":\"https:\/\/lati.com\/de\/datenschutzbestimmungen\/#breadcrumb\",\"itemListElement\":[{\"@type\":\"ListItem\",\"position\":1,\"name\":\"Home\",\"item\":\"https:\/\/lati.com\/de\/\"},{\"@type\":\"ListItem\",\"position\":2,\"name\":\"Datenschutzbestimmungen\"}]},{\"@type\":\"WebSite\",\"@id\":\"https:\/\/lati.com\/de\/#website\",\"url\":\"https:\/\/lati.com\/de\/\",\"name\":\"LATI\",\"description\":\"High Performance Thermoplastics\",\"publisher\":{\"@id\":\"https:\/\/lati.com\/de\/#organization\"},\"potentialAction\":[{\"@type\":\"SearchAction\",\"target\":{\"@type\":\"EntryPoint\",\"urlTemplate\":\"https:\/\/lati.com\/de\/?s={search_term_string}\"},\"query-input\":{\"@type\":\"PropertyValueSpecification\",\"valueRequired\":true,\"valueName\":\"search_term_string\"}}],\"inLanguage\":\"de\"},{\"@type\":\"Organization\",\"@id\":\"https:\/\/lati.com\/de\/#organization\",\"name\":\"LATI Industria Termoplastici S.p.A.\",\"url\":\"https:\/\/lati.com\/de\/\",\"logo\":{\"@type\":\"ImageObject\",\"inLanguage\":\"de\",\"@id\":\"https:\/\/lati.com\/de\/#\/schema\/logo\/image\/\",\"url\":\"https:\/\/lati.com\/wp-content\/uploads\/LOGO_RGB.jpg\",\"contentUrl\":\"https:\/\/lati.com\/wp-content\/uploads\/LOGO_RGB.jpg\",\"width\":1193,\"height\":567,\"caption\":\"LATI Industria Termoplastici S.p.A.\"},\"image\":{\"@id\":\"https:\/\/lati.com\/de\/#\/schema\/logo\/image\/\"},\"sameAs\":[\"https:\/\/www.linkedin.com\/company\/10320804\",\"https:\/\/www.youtube.com\/channel\/UCRHY3BfANQoiMiKcnqoZkjA\"]}]}<\/script>\n<!-- \/ Yoast SEO plugin. -->","yoast_head_json":{"title":"Datenschutzbestimmungen - LATI","description":"Lesen Sie unsere Datenschutzbestimmungen: Entdecken Sie, wie wir Ihre pers\u00f6nlichen Daten in \u00dcbereinstimmung mit der EU-Verordnung 2016\/679 (DSGVO) und der geltenden Gesetzgebung sch\u00fctzen.","robots":{"index":"index","follow":"follow","max-snippet":"max-snippet:-1","max-image-preview":"max-image-preview:large","max-video-preview":"max-video-preview:-1"},"canonical":"https:\/\/lati.com\/de\/datenschutzbestimmungen\/","og_locale":"de_DE","og_type":"article","og_title":"Datenschutzbestimmungen - LATI","og_description":"Lesen Sie unsere Datenschutzbestimmungen: Entdecken Sie, wie wir Ihre pers\u00f6nlichen Daten in \u00dcbereinstimmung mit der EU-Verordnung 2016\/679 (DSGVO) und der geltenden Gesetzgebung sch\u00fctzen.","og_url":"https:\/\/lati.com\/de\/datenschutzbestimmungen\/","og_site_name":"LATI","article_modified_time":"2026-01-19T13:08:45+00:00","twitter_card":"summary_large_image","schema":{"@context":"https:\/\/schema.org","@graph":[{"@type":"WebPage","@id":"https:\/\/lati.com\/de\/datenschutzbestimmungen\/","url":"https:\/\/lati.com\/de\/datenschutzbestimmungen\/","name":"Datenschutzbestimmungen - LATI","isPartOf":{"@id":"https:\/\/lati.com\/de\/#website"},"datePublished":"2025-07-07T08:56:42+00:00","dateModified":"2026-01-19T13:08:45+00:00","description":"Lesen Sie unsere Datenschutzbestimmungen: Entdecken Sie, wie wir Ihre pers\u00f6nlichen Daten in \u00dcbereinstimmung mit der EU-Verordnung 2016\/679 (DSGVO) und der geltenden Gesetzgebung sch\u00fctzen.","breadcrumb":{"@id":"https:\/\/lati.com\/de\/datenschutzbestimmungen\/#breadcrumb"},"inLanguage":"de","potentialAction":[{"@type":"ReadAction","target":["https:\/\/lati.com\/de\/datenschutzbestimmungen\/"]}]},{"@type":"BreadcrumbList","@id":"https:\/\/lati.com\/de\/datenschutzbestimmungen\/#breadcrumb","itemListElement":[{"@type":"ListItem","position":1,"name":"Home","item":"https:\/\/lati.com\/de\/"},{"@type":"ListItem","position":2,"name":"Datenschutzbestimmungen"}]},{"@type":"WebSite","@id":"https:\/\/lati.com\/de\/#website","url":"https:\/\/lati.com\/de\/","name":"LATI","description":"High Performance Thermoplastics","publisher":{"@id":"https:\/\/lati.com\/de\/#organization"},"potentialAction":[{"@type":"SearchAction","target":{"@type":"EntryPoint","urlTemplate":"https:\/\/lati.com\/de\/?s={search_term_string}"},"query-input":{"@type":"PropertyValueSpecification","valueRequired":true,"valueName":"search_term_string"}}],"inLanguage":"de"},{"@type":"Organization","@id":"https:\/\/lati.com\/de\/#organization","name":"LATI Industria Termoplastici S.p.A.","url":"https:\/\/lati.com\/de\/","logo":{"@type":"ImageObject","inLanguage":"de","@id":"https:\/\/lati.com\/de\/#\/schema\/logo\/image\/","url":"https:\/\/lati.com\/wp-content\/uploads\/LOGO_RGB.jpg","contentUrl":"https:\/\/lati.com\/wp-content\/uploads\/LOGO_RGB.jpg","width":1193,"height":567,"caption":"LATI Industria Termoplastici S.p.A."},"image":{"@id":"https:\/\/lati.com\/de\/#\/schema\/logo\/image\/"},"sameAs":["https:\/\/www.linkedin.com\/company\/10320804","https:\/\/www.youtube.com\/channel\/UCRHY3BfANQoiMiKcnqoZkjA"]}]}},"_links":{"self":[{"href":"https:\/\/lati.com\/de\/wp-json\/wp\/v2\/pages\/20519","targetHints":{"allow":["GET"]}}],"collection":[{"href":"https:\/\/lati.com\/de\/wp-json\/wp\/v2\/pages"}],"about":[{"href":"https:\/\/lati.com\/de\/wp-json\/wp\/v2\/types\/page"}],"author":[{"embeddable":true,"href":"https:\/\/lati.com\/de\/wp-json\/wp\/v2\/users\/1"}],"replies":[{"embeddable":true,"href":"https:\/\/lati.com\/de\/wp-json\/wp\/v2\/comments?post=20519"}],"version-history":[{"count":0,"href":"https:\/\/lati.com\/de\/wp-json\/wp\/v2\/pages\/20519\/revisions"}],"wp:attachment":[{"href":"https:\/\/lati.com\/de\/wp-json\/wp\/v2\/media?parent=20519"}],"curies":[{"name":"wp","href":"https:\/\/api.w.org\/{rel}","templated":true}]}}